{"id":5524,"date":"2021-09-21T15:41:53","date_gmt":"2021-09-21T12:41:53","guid":{"rendered":"https:\/\/www.generalconstruct.ro\/aktuelle-projekte-in-deutschland\/"},"modified":"2022-05-27T09:08:13","modified_gmt":"2022-05-27T06:08:13","slug":"aktuelle-projekte-in-deutschland","status":"publish","type":"page","link":"https:\/\/www.generalconstruct.ro\/de\/aktuelle-projekte-in-deutschland\/","title":{"rendered":"Aktuelle Projekte in Deutschland"},"content":{"rendered":"\t\t<div data-elementor-type=\"wp-page\" data-elementor-id=\"5524\" class=\"elementor elementor-5524 elementor-3167\">\n\t\t\t\t\t\t<section class=\"elementor-section elementor-top-section elementor-element elementor-element-c9e4874 elementor-section-boxed elementor-section-height-default elementor-section-height-default\" data-id=\"c9e4874\" data-element_type=\"section\" data-e-type=\"section\" data-settings=\"{&quot;background_background&quot;:&quot;classic&quot;}\">\n\t\t\t\t\t\t\t<div class=\"elementor-background-overlay\"><\/div>\n\t\t\t\t\t\t\t<div class=\"elementor-container elementor-column-gap-no\">\n\t\t\t\t\t<div class=\"elementor-column elementor-col-100 elementor-top-column elementor-element elementor-element-7b61b220\" data-id=\"7b61b220\" data-element_type=\"column\" data-e-type=\"column\">\n\t\t\t<div class=\"elementor-widget-wrap elementor-element-populated\">\n\t\t\t\t\t\t<div class=\"elementor-element elementor-element-6d82f4b6 animated-fast elementor-invisible elementor-widget elementor-widget-heading\" data-id=\"6d82f4b6\" data-element_type=\"widget\" data-e-type=\"widget\" data-settings=\"{&quot;_animation&quot;:&quot;slideInLeft&quot;,&quot;_animation_delay&quot;:300}\" data-widget_type=\"heading.default\">\n\t\t\t\t<div class=\"elementor-widget-container\">\n\t\t\t\t\t<h6 class=\"elementor-heading-title elementor-size-default\">Projekte<\/h6>\t\t\t\t<\/div>\n\t\t\t\t<\/div>\n\t\t\t\t<div class=\"elementor-element elementor-element-19800214 animated-fast elementor-invisible elementor-widget elementor-widget-heading\" data-id=\"19800214\" data-element_type=\"widget\" data-e-type=\"widget\" data-settings=\"{&quot;_animation&quot;:&quot;slideInLeft&quot;}\" data-widget_type=\"heading.default\">\n\t\t\t\t<div class=\"elementor-widget-container\">\n\t\t\t\t\t<h1 class=\"elementor-heading-title elementor-size-default\">Aktuelle Projekte in Deutschland<\/h1>\t\t\t\t<\/div>\n\t\t\t\t<\/div>\n\t\t\t\t<div class=\"elementor-element elementor-element-69ae9989 elementor-invisible elementor-widget elementor-widget-heading\" data-id=\"69ae9989\" data-element_type=\"widget\" data-e-type=\"widget\" data-settings=\"{&quot;_animation&quot;:&quot;slideInLeft&quot;,&quot;_animation_delay&quot;:300}\" data-widget_type=\"heading.default\">\n\t\t\t\t<div class=\"elementor-widget-container\">\n\t\t\t\t\t<h3 class=\"elementor-heading-title elementor-size-default\">International repr\u00e4sentative Projekte<\/h3>\t\t\t\t<\/div>\n\t\t\t\t<\/div>\n\t\t\t\t<div class=\"elementor-element elementor-element-4d41b7ca elementor-widget-divider--view-line elementor-widget elementor-widget-divider\" data-id=\"4d41b7ca\" data-element_type=\"widget\" data-e-type=\"widget\" data-widget_type=\"divider.default\">\n\t\t\t\t<div class=\"elementor-widget-container\">\n\t\t\t\t\t\t\t<div class=\"elementor-divider\">\n\t\t\t<span class=\"elementor-divider-separator\">\n\t\t\t\t\t\t<\/span>\n\t\t<\/div>\n\t\t\t\t\t\t<\/div>\n\t\t\t\t<\/div>\n\t\t\t\t\t<\/div>\n\t\t<\/div>\n\t\t\t\t\t<\/div>\n\t\t<\/section>\n\t\t\t\t<section class=\"elementor-section elementor-top-section elementor-element elementor-element-48888943 elementor-section-boxed elementor-section-height-default elementor-section-height-default\" data-id=\"48888943\" data-element_type=\"section\" data-e-type=\"section\">\n\t\t\t\t\t\t<div class=\"elementor-container elementor-column-gap-default\">\n\t\t\t\t\t<div class=\"elementor-column elementor-col-100 elementor-top-column elementor-element elementor-element-6dff8836\" data-id=\"6dff8836\" data-element_type=\"column\" data-e-type=\"column\">\n\t\t\t<div class=\"elementor-widget-wrap elementor-element-populated\">\n\t\t\t\t\t\t<div class=\"elementor-element elementor-element-1c0947e1 elementor-grid-eael-col-3 elementor-grid-tablet-eael-col-2 elementor-grid-mobile-eael-col-1 elementor-widget elementor-widget-eael-post-grid\" data-id=\"1c0947e1\" data-element_type=\"widget\" data-e-type=\"widget\" data-settings=\"{&quot;eael_post_grid_columns&quot;:&quot;eael-col-3&quot;,&quot;eael_post_grid_columns_tablet&quot;:&quot;eael-col-2&quot;,&quot;eael_post_grid_columns_mobile&quot;:&quot;eael-col-1&quot;}\" data-widget_type=\"eael-post-grid.default\">\n\t\t\t\t<div class=\"elementor-widget-container\">\n\t\t\t\t\t<div id=\"eael-post-grid-1c0947e1\" class=\"eael-post-grid-container\">\n            <div class=\"eael-post-grid eael-post-appender eael-post-appender-1c0947e1 eael-post-grid-style-one\" data-layout-mode=\"grid\"><article class=\"eael-grid-post  eael-post-grid-column eael-pg-post-6435 category-de_lucru-de\" data-id=\"6435\">\n        <div class=\"eael-grid-post-holder\">\n            <div class=\"eael-grid-post-holder-inner\"><div class=\"eael-entry-media\"><div class=\"eael-entry-overlay fade-in\"><i class=\"\" aria-hidden=\"true\"><\/i><a href=\"https:\/\/www.generalconstruct.ro\/de\/buerogebaeude-gaussstrasse-71-75-22765-hamburg-altona\/\"><\/a><\/div><div class=\"eael-entry-thumbnail \">\n                <img fetchpriority=\"high\" decoding=\"async\" width=\"300\" height=\"167\" src=\"https:\/\/www.generalconstruct.ro\/wp-content\/uploads\/2023\/11\/h_altona1-300x167.jpg\" class=\"attachment-medium size-medium wp-image-6424\" alt=\"\" srcset=\"https:\/\/www.generalconstruct.ro\/wp-content\/uploads\/2023\/11\/h_altona1-300x167.jpg 300w, https:\/\/www.generalconstruct.ro\/wp-content\/uploads\/2023\/11\/h_altona1-1024x569.jpg 1024w, https:\/\/www.generalconstruct.ro\/wp-content\/uploads\/2023\/11\/h_altona1-768x427.jpg 768w, https:\/\/www.generalconstruct.ro\/wp-content\/uploads\/2023\/11\/h_altona1.jpg 1354w\" sizes=\"(max-width: 300px) 100vw, 300px\" \/>\n            <\/div>\n        <\/div><div class=\"eael-entry-wrapper\"><header class=\"eael-entry-header\"><h4 class=\"eael-entry-title\"><a class=\"eael-grid-post-link\" href=\"https:\/\/www.generalconstruct.ro\/de\/buerogebaeude-gaussstrasse-71-75-22765-hamburg-altona\/\" title=\"B\u00fcrogeb\u00e4ude &#8211; Gau\u00dfstra\u00dfe 71-75, 22765 Hamburg-Altona\">B\u00fcrogeb\u00e4ude &#8211; Gau\u00dfstra\u00dfe 71-75, 22765 Hamburg-Altona<\/a><\/h4><\/header><div class=\"eael-entry-content\">\n                        <div class=\"eael-grid-post-excerpt\"><p>Projekte Derzeitige Bauvorhaben in Deutschland B\u00fcrogeb\u00e4ude &#8211; Gau\u00dfstra\u00dfe 71-75, 22765 Hamburg-Altona General Construct hat als...<\/p><a href=\"https:\/\/www.generalconstruct.ro\/de\/buerogebaeude-gaussstrasse-71-75-22765-hamburg-altona\/\" class=\"eael-post-elements-readmore-btn\">Mehr sehen<\/a><\/div>\n                    <\/div><\/div><\/div>\n        <\/div>\n    <\/article><article class=\"eael-grid-post  eael-post-grid-column eael-pg-post-6081 category-de_lucru-de\" data-id=\"6081\">\n        <div class=\"eael-grid-post-holder\">\n            <div class=\"eael-grid-post-holder-inner\"><div class=\"eael-entry-media\"><div class=\"eael-entry-overlay fade-in\"><i class=\"\" aria-hidden=\"true\"><\/i><a href=\"https:\/\/www.generalconstruct.ro\/de\/staedtisches-krankenhaus-kiel-neubau-haus-6\/\"><\/a><\/div><div class=\"eael-entry-thumbnail \">\n                <img decoding=\"async\" width=\"300\" height=\"167\" src=\"https:\/\/www.generalconstruct.ro\/wp-content\/uploads\/2022\/10\/sp_kiel1-300x167.jpg\" class=\"attachment-medium size-medium wp-image-6061\" alt=\"\" srcset=\"https:\/\/www.generalconstruct.ro\/wp-content\/uploads\/2022\/10\/sp_kiel1-300x167.jpg 300w, https:\/\/www.generalconstruct.ro\/wp-content\/uploads\/2022\/10\/sp_kiel1-1024x569.jpg 1024w, https:\/\/www.generalconstruct.ro\/wp-content\/uploads\/2022\/10\/sp_kiel1-768x427.jpg 768w, https:\/\/www.generalconstruct.ro\/wp-content\/uploads\/2022\/10\/sp_kiel1.jpg 1354w\" sizes=\"(max-width: 300px) 100vw, 300px\" \/>\n            <\/div>\n        <\/div><div class=\"eael-entry-wrapper\"><header class=\"eael-entry-header\"><h4 class=\"eael-entry-title\"><a class=\"eael-grid-post-link\" href=\"https:\/\/www.generalconstruct.ro\/de\/staedtisches-krankenhaus-kiel-neubau-haus-6\/\" title=\"St\u00e4dtisches Krankenhaus Kiel \u2013 Neubau Haus 6\">St\u00e4dtisches Krankenhaus Kiel \u2013 Neubau Haus 6<\/a><\/h4><\/header><div class=\"eael-entry-content\">\n                        <div class=\"eael-grid-post-excerpt\"><p>Projekte Derzeitige Bauvorhaben in Deutschland St\u00e4dtisches Krankenhaus Kiel \u2013 Neubau Haus 6 Das St\u00e4dtische Krankenhaus...<\/p><a href=\"https:\/\/www.generalconstruct.ro\/de\/staedtisches-krankenhaus-kiel-neubau-haus-6\/\" class=\"eael-post-elements-readmore-btn\">Mehr sehen<\/a><\/div>\n                    <\/div><\/div><\/div>\n        <\/div>\n    <\/article><article class=\"eael-grid-post  eael-post-grid-column eael-pg-post-6079 category-de_lucru-de\" data-id=\"6079\">\n        <div class=\"eael-grid-post-holder\">\n            <div class=\"eael-grid-post-holder-inner\"><div class=\"eael-entry-media\"><div class=\"eael-entry-overlay fade-in\"><i class=\"\" aria-hidden=\"true\"><\/i><a href=\"https:\/\/www.generalconstruct.ro\/de\/praeventionszentrum-vbg-hamburg\/\"><\/a><\/div><div class=\"eael-entry-thumbnail \">\n                <img decoding=\"async\" width=\"300\" height=\"167\" src=\"https:\/\/www.generalconstruct.ro\/wp-content\/uploads\/2022\/10\/vbg_hamburg1-300x167.jpg\" class=\"attachment-medium size-medium wp-image-6049\" alt=\"\" srcset=\"https:\/\/www.generalconstruct.ro\/wp-content\/uploads\/2022\/10\/vbg_hamburg1-300x167.jpg 300w, https:\/\/www.generalconstruct.ro\/wp-content\/uploads\/2022\/10\/vbg_hamburg1-1024x569.jpg 1024w, https:\/\/www.generalconstruct.ro\/wp-content\/uploads\/2022\/10\/vbg_hamburg1-768x427.jpg 768w, https:\/\/www.generalconstruct.ro\/wp-content\/uploads\/2022\/10\/vbg_hamburg1.jpg 1354w\" sizes=\"(max-width: 300px) 100vw, 300px\" \/>\n            <\/div>\n        <\/div><div class=\"eael-entry-wrapper\"><header class=\"eael-entry-header\"><h4 class=\"eael-entry-title\"><a class=\"eael-grid-post-link\" href=\"https:\/\/www.generalconstruct.ro\/de\/praeventionszentrum-vbg-hamburg\/\" title=\"Pr\u00e4ventionszentrum VBG, Hamburg\">Pr\u00e4ventionszentrum VBG, Hamburg<\/a><\/h4><\/header><div class=\"eael-entry-content\">\n                        <div class=\"eael-grid-post-excerpt\"><p>Projekte Derzeitige Bauvorhaben in Deutschland Pr\u00e4ventionszentrum VBG, Hamburg Verwaltungs-Berufsgenossenschaft (VBG) si Berufsgenossenschaft f\u00fcr die Gesundheitsdienst...<\/p><a href=\"https:\/\/www.generalconstruct.ro\/de\/praeventionszentrum-vbg-hamburg\/\" class=\"eael-post-elements-readmore-btn\">Mehr sehen<\/a><\/div>\n                    <\/div><\/div><\/div>\n        <\/div>\n    <\/article><\/div>\n            <div class=\"clearfix\"><\/div>\n        <\/div>\t\t\t\t<\/div>\n\t\t\t\t<\/div>\n\t\t\t\t\t<\/div>\n\t\t<\/div>\n\t\t\t\t\t<\/div>\n\t\t<\/section>\n\t\t\t\t<\/div>\n\t\t","protected":false},"excerpt":{"rendered":"<p>Projekte Aktuelle Projekte in Deutschland International repr\u00e4sentative Projekte Scoala primara Baakenhafen Baakenallee 33, 20457 Hamburg Proiecte Proiecte in curs din Germania Scoala primara Baakenhafen Baakenallee 33 20457 Hamburg In Hamburg&#8230; Mehr sehen Noul centru de geriatrie la spitalul Albertinen Wogenmannsburg 15 22457 Hamburg-Schnelsen Proiecte Proiecte in curs din Germania Noul centru de geriatrie la spitalul &hellip;<\/p>\n<p class=\"read-more\"> <a class=\"\" href=\"https:\/\/www.generalconstruct.ro\/de\/praeventionszentrum-vbg-hamburg\/\"> <span class=\"screen-reader-text\">Pr\u00e4ventionszentrum VBG, Hamburg<\/span> Weiterlesen &raquo;<\/a><\/p>\n","protected":false},"author":1,"featured_media":0,"parent":0,"menu_order":0,"comment_status":"closed","ping_status":"closed","template":"","meta":{"site-sidebar-layout":"no-sidebar","site-content-layout":"page-builder","ast-main-header-display":"","ast-hfb-above-header-display":"","ast-hfb-below-header-display":"","ast-hfb-mobile-header-display":"","site-post-title":"disabled","ast-breadcrumbs-content":"","ast-featured-img":"disabled","footer-sml-layout":"","theme-transparent-header-meta":"default","adv-header-id-meta":"","stick-header-meta":"","header-above-stick-meta":"","header-main-stick-meta":"","header-below-stick-meta":"","footnotes":""},"class_list":["post-5524","page","type-page","status-publish","hentry"],"_links":{"self":[{"href":"https:\/\/www.generalconstruct.ro\/de\/wp-json\/wp\/v2\/pages\/5524","targetHints":{"allow":["GET"]}}],"collection":[{"href":"https:\/\/www.generalconstruct.ro\/de\/wp-json\/wp\/v2\/pages"}],"about":[{"href":"https:\/\/www.generalconstruct.ro\/de\/wp-json\/wp\/v2\/types\/page"}],"author":[{"embeddable":true,"href":"https:\/\/www.generalconstruct.ro\/de\/wp-json\/wp\/v2\/users\/1"}],"replies":[{"embeddable":true,"href":"https:\/\/www.generalconstruct.ro\/de\/wp-json\/wp\/v2\/comments?post=5524"}],"version-history":[{"count":1,"href":"https:\/\/www.generalconstruct.ro\/de\/wp-json\/wp\/v2\/pages\/5524\/revisions"}],"predecessor-version":[{"id":5525,"href":"https:\/\/www.generalconstruct.ro\/de\/wp-json\/wp\/v2\/pages\/5524\/revisions\/5525"}],"wp:attachment":[{"href":"https:\/\/www.generalconstruct.ro\/de\/wp-json\/wp\/v2\/media?parent=5524"}],"curies":[{"name":"wp","href":"https:\/\/api.w.org\/{rel}","templated":true}]}}