{"id":5494,"date":"2021-09-16T11:34:05","date_gmt":"2021-09-16T08:34:05","guid":{"rendered":"https:\/\/www.generalconstruct.ro\/qualitaetsmanagement\/"},"modified":"2022-05-26T13:46:42","modified_gmt":"2022-05-26T10:46:42","slug":"qualitaetsmanagement","status":"publish","type":"page","link":"https:\/\/www.generalconstruct.ro\/de\/qualitaetsmanagement\/","title":{"rendered":"Qualit\u00e4tsmanagement"},"content":{"rendered":"\t\t<div data-elementor-type=\"wp-page\" data-elementor-id=\"5494\" class=\"elementor elementor-5494 elementor-1816\">\n\t\t\t\t\t\t<section class=\"elementor-section elementor-top-section elementor-element elementor-element-30cf1af0 elementor-section-boxed elementor-section-height-default elementor-section-height-default\" data-id=\"30cf1af0\" data-element_type=\"section\" data-e-type=\"section\" data-settings=\"{&quot;background_background&quot;:&quot;classic&quot;}\">\n\t\t\t\t\t\t\t<div class=\"elementor-background-overlay\"><\/div>\n\t\t\t\t\t\t\t<div class=\"elementor-container elementor-column-gap-no\">\n\t\t\t\t\t<div class=\"elementor-column elementor-col-100 elementor-top-column elementor-element elementor-element-62333760\" data-id=\"62333760\" data-element_type=\"column\" data-e-type=\"column\">\n\t\t\t<div class=\"elementor-widget-wrap elementor-element-populated\">\n\t\t\t\t\t\t<div class=\"elementor-element elementor-element-2b5a8c84 animated-fast elementor-invisible elementor-widget elementor-widget-heading\" data-id=\"2b5a8c84\" data-element_type=\"widget\" data-e-type=\"widget\" data-settings=\"{&quot;_animation&quot;:&quot;slideInLeft&quot;,&quot;_animation_delay&quot;:300}\" data-widget_type=\"heading.default\">\n\t\t\t\t<div class=\"elementor-widget-container\">\n\t\t\t\t\t<h6 class=\"elementor-heading-title elementor-size-default\">INTEGRIERTES MANAGEMENT<\/h6>\t\t\t\t<\/div>\n\t\t\t\t<\/div>\n\t\t\t\t<div class=\"elementor-element elementor-element-17a51699 animated-fast elementor-invisible elementor-widget elementor-widget-heading\" data-id=\"17a51699\" data-element_type=\"widget\" data-e-type=\"widget\" data-settings=\"{&quot;_animation&quot;:&quot;slideInLeft&quot;}\" data-widget_type=\"heading.default\">\n\t\t\t\t<div class=\"elementor-widget-container\">\n\t\t\t\t\t<h1 class=\"elementor-heading-title elementor-size-default\">Qualit\u00e4tsmanagement<\/h1>\t\t\t\t<\/div>\n\t\t\t\t<\/div>\n\t\t\t\t<div class=\"elementor-element elementor-element-5d10b741 elementor-invisible elementor-widget elementor-widget-heading\" data-id=\"5d10b741\" data-element_type=\"widget\" data-e-type=\"widget\" data-settings=\"{&quot;_animation&quot;:&quot;slideInLeft&quot;,&quot;_animation_delay&quot;:300}\" data-widget_type=\"heading.default\">\n\t\t\t\t<div class=\"elementor-widget-container\">\n\t\t\t\t\t<h3 class=\"elementor-heading-title elementor-size-default\">Qualit\u00e4t \u2013 Umwelt \u2013 SSO<\/h3>\t\t\t\t<\/div>\n\t\t\t\t<\/div>\n\t\t\t\t<div class=\"elementor-element elementor-element-2c086dc8 elementor-widget-divider--view-line elementor-widget elementor-widget-divider\" data-id=\"2c086dc8\" data-element_type=\"widget\" data-e-type=\"widget\" data-widget_type=\"divider.default\">\n\t\t\t\t<div class=\"elementor-widget-container\">\n\t\t\t\t\t\t\t<div class=\"elementor-divider\">\n\t\t\t<span class=\"elementor-divider-separator\">\n\t\t\t\t\t\t<\/span>\n\t\t<\/div>\n\t\t\t\t\t\t<\/div>\n\t\t\t\t<\/div>\n\t\t\t\t\t<\/div>\n\t\t<\/div>\n\t\t\t\t\t<\/div>\n\t\t<\/section>\n\t\t\t\t<section class=\"elementor-section elementor-top-section elementor-element elementor-element-2850b8f9 elementor-section-content-middle elementor-section-boxed elementor-section-height-default elementor-section-height-default\" data-id=\"2850b8f9\" data-element_type=\"section\" data-e-type=\"section\" data-settings=\"{&quot;background_background&quot;:&quot;classic&quot;}\">\n\t\t\t\t\t\t<div class=\"elementor-container elementor-column-gap-no\">\n\t\t\t\t\t<div class=\"elementor-column elementor-col-50 elementor-top-column elementor-element elementor-element-6eeaa023\" data-id=\"6eeaa023\" data-element_type=\"column\" data-e-type=\"column\">\n\t\t\t<div class=\"elementor-widget-wrap elementor-element-populated\">\n\t\t\t\t\t\t<div class=\"elementor-element elementor-element-8c109eb elementor-widget elementor-widget-heading\" data-id=\"8c109eb\" data-element_type=\"widget\" data-e-type=\"widget\" data-widget_type=\"heading.default\">\n\t\t\t\t<div class=\"elementor-widget-container\">\n\t\t\t\t\t<span class=\"elementor-heading-title elementor-size-default\">QUALIT\u00c4T<\/span>\t\t\t\t<\/div>\n\t\t\t\t<\/div>\n\t\t\t\t<div class=\"elementor-element elementor-element-37b64b44 elementor-widget__width-auto elementor-widget elementor-widget-heading\" data-id=\"37b64b44\" data-element_type=\"widget\" data-e-type=\"widget\" data-widget_type=\"heading.default\">\n\t\t\t\t<div class=\"elementor-widget-container\">\n\t\t\t\t\t<h6 class=\"elementor-heading-title elementor-size-default\">INTEGRIERTES SYSTEM<\/h6>\t\t\t\t<\/div>\n\t\t\t\t<\/div>\n\t\t\t\t<div class=\"elementor-element elementor-element-5f555aed elementor-widget elementor-widget-heading\" data-id=\"5f555aed\" data-element_type=\"widget\" data-e-type=\"widget\" data-widget_type=\"heading.default\">\n\t\t\t\t<div class=\"elementor-widget-container\">\n\t\t\t\t\t<h2 class=\"elementor-heading-title elementor-size-default\">Qualit\u00e4tsmanagement<\/h2>\t\t\t\t<\/div>\n\t\t\t\t<\/div>\n\t\t\t\t<div class=\"elementor-element elementor-element-5ed2b004 elementor-widget elementor-widget-text-editor\" data-id=\"5ed2b004\" data-element_type=\"widget\" data-e-type=\"widget\" data-widget_type=\"text-editor.default\">\n\t\t\t\t<div class=\"elementor-widget-container\">\n\t\t\t\t\t\t\t\t\t<p>Unser Unternehmen hat ein integriertes Qualit\u00e4ts-Umwelt-Managementsystem implementiert, das alle Prozesse, Produkte und Dienstleistungen gem\u00e4\u00df den Anforderungen der Qualit\u00e4tsmanagementnormen (SR EN ISO 9001: 2015), der Umwelt (SR EN ISO 14001: 2015), Arbeitssicherheit und Gesundheitsschutz (SR OHSAS 18001: 2008) abdeckt.<\/p>\t\t\t\t\t\t\t\t<\/div>\n\t\t\t\t<\/div>\n\t\t\t\t<div class=\"elementor-element elementor-element-e0b9ca3 elementor-widget elementor-widget-text-editor\" data-id=\"e0b9ca3\" data-element_type=\"widget\" data-e-type=\"widget\" data-widget_type=\"text-editor.default\">\n\t\t\t\t<div class=\"elementor-widget-container\">\n\t\t\t\t\t\t\t\t\t<p>Die Unternehmensleitung ist bestrebt, durch ihre aktuellen Anliegen und Aktivit\u00e4ten einen angemessenen Rahmen zu schaffen, um ein Gleichgewicht zwischen den wirtschaftlichen Interessen und den Interessen von Mensch und Umwelt herzustellen, wobei die vollst\u00e4ndige Befriedigung der Kundenbed\u00fcrfnisse, die Rentabilit\u00e4t, die Sicherheit und der Gesundheitsschutz am Arbeitsplatz sowie der Umweltschutz als Grundlage f\u00fcr eine nachhaltige Entwicklung betrachtet werden.<br>Unsere Gesellschaft ist aktiv darum bem\u00fcht, ihre eigenen Standards in den Bereichen Qualit\u00e4tsmanagement, Umweltschutz und Sicherheit am Arbeitsplatz zu verbessern.<\/p>\t\t\t\t\t\t\t\t<\/div>\n\t\t\t\t<\/div>\n\t\t\t\t<div class=\"elementor-element elementor-element-d499988 elementor-widget elementor-widget-text-editor\" data-id=\"d499988\" data-element_type=\"widget\" data-e-type=\"widget\" data-widget_type=\"text-editor.default\">\n\t\t\t\t<div class=\"elementor-widget-container\">\n\t\t\t\t\t\t\t\t\t<p>In diesem Zusammenhang verpflichten wir uns, die Implementierung, Weiterentwicklung und kontinuierliche Verbesserung der Effektivit\u00e4t dieses Systems sicherzustellen, um unseren Ruf und unsere Position auf dem Markt zu erhalten.<\/p>\t\t\t\t\t\t\t\t<\/div>\n\t\t\t\t<\/div>\n\t\t\t\t\t<\/div>\n\t\t<\/div>\n\t\t\t\t<div class=\"elementor-column elementor-col-50 elementor-top-column elementor-element elementor-element-2218580e\" data-id=\"2218580e\" data-element_type=\"column\" data-e-type=\"column\" data-settings=\"{&quot;background_background&quot;:&quot;classic&quot;}\">\n\t\t\t<div class=\"elementor-widget-wrap elementor-element-populated\">\n\t\t\t\t\t<div class=\"elementor-background-overlay\"><\/div>\n\t\t\t\t\t\t<div class=\"elementor-element elementor-element-560f3ec4 elementor-widget elementor-widget-image\" data-id=\"560f3ec4\" data-element_type=\"widget\" data-e-type=\"widget\" data-widget_type=\"image.default\">\n\t\t\t\t<div class=\"elementor-widget-container\">\n\t\t\t\t\t\t\t\t\t\t\t\t\t\t\t<img fetchpriority=\"high\" decoding=\"async\" width=\"810\" height=\"1000\" src=\"https:\/\/www.generalconstruct.ro\/wp-content\/uploads\/2021\/09\/management_1.jpg\" class=\"attachment-full size-full wp-image-4293\" alt=\"\" srcset=\"https:\/\/www.generalconstruct.ro\/wp-content\/uploads\/2021\/09\/management_1.jpg 810w, https:\/\/www.generalconstruct.ro\/wp-content\/uploads\/2021\/09\/management_1-243x300.jpg 243w, https:\/\/www.generalconstruct.ro\/wp-content\/uploads\/2021\/09\/management_1-768x948.jpg 768w\" sizes=\"(max-width: 810px) 100vw, 810px\" \/>\t\t\t\t\t\t\t\t\t\t\t\t\t\t\t<\/div>\n\t\t\t\t<\/div>\n\t\t\t\t\t<\/div>\n\t\t<\/div>\n\t\t\t\t\t<\/div>\n\t\t<\/section>\n\t\t\t\t<section class=\"elementor-section elementor-top-section elementor-element elementor-element-c38f334 elementor-section-content-middle elementor-section-boxed elementor-section-height-default elementor-section-height-default\" data-id=\"c38f334\" data-element_type=\"section\" data-e-type=\"section\" data-settings=\"{&quot;background_background&quot;:&quot;classic&quot;}\">\n\t\t\t\t\t\t<div class=\"elementor-container elementor-column-gap-no\">\n\t\t\t\t\t<div class=\"elementor-column elementor-col-50 elementor-top-column elementor-element elementor-element-c978536\" data-id=\"c978536\" data-element_type=\"column\" data-e-type=\"column\">\n\t\t\t<div class=\"elementor-widget-wrap elementor-element-populated\">\n\t\t\t\t\t\t<div class=\"elementor-element elementor-element-1f23cc2 elementor-widget elementor-widget-heading\" data-id=\"1f23cc2\" data-element_type=\"widget\" data-e-type=\"widget\" data-widget_type=\"heading.default\">\n\t\t\t\t<div class=\"elementor-widget-container\">\n\t\t\t\t\t<span class=\"elementor-heading-title elementor-size-default\">SOZIAL<\/span>\t\t\t\t<\/div>\n\t\t\t\t<\/div>\n\t\t\t\t<div class=\"elementor-element elementor-element-96b2128 elementor-widget__width-auto elementor-widget elementor-widget-heading\" data-id=\"96b2128\" data-element_type=\"widget\" data-e-type=\"widget\" data-widget_type=\"heading.default\">\n\t\t\t\t<div class=\"elementor-widget-container\">\n\t\t\t\t\t<h6 class=\"elementor-heading-title elementor-size-default\">RICHTLINIEN<\/h6>\t\t\t\t<\/div>\n\t\t\t\t<\/div>\n\t\t\t\t<div class=\"elementor-element elementor-element-b30e067 elementor-widget elementor-widget-heading\" data-id=\"b30e067\" data-element_type=\"widget\" data-e-type=\"widget\" data-widget_type=\"heading.default\">\n\t\t\t\t<div class=\"elementor-widget-container\">\n\t\t\t\t\t<h2 class=\"elementor-heading-title elementor-size-default\">Soziale Verantwortung<\/h2>\t\t\t\t<\/div>\n\t\t\t\t<\/div>\n\t\t\t\t<div class=\"elementor-element elementor-element-eb91bd9 elementor-widget elementor-widget-text-editor\" data-id=\"eb91bd9\" data-element_type=\"widget\" data-e-type=\"widget\" data-widget_type=\"text-editor.default\">\n\t\t\t\t<div class=\"elementor-widget-container\">\n\t\t\t\t\t\t\t\t\t<p>Durch die Herausgabe der Richtlinien der sozialen Verantwortung und der Arbeitsbedingungen hat die Gesch\u00e4ftsf\u00fchrung von S.C. GENERAL CONSTRUCT S.R.L. die Leitlinien f\u00fcr das Management der sozialen Verantwortung und der Arbeitsbedingungen festgelegt. <\/p>\t\t\t\t\t\t\t\t<\/div>\n\t\t\t\t<\/div>\n\t\t\t\t<div class=\"elementor-element elementor-element-7108501 elementor-widget elementor-widget-text-editor\" data-id=\"7108501\" data-element_type=\"widget\" data-e-type=\"widget\" data-widget_type=\"text-editor.default\">\n\t\t\t\t<div class=\"elementor-widget-container\">\n\t\t\t\t\t\t\t\t\t<p>Der Pol-RS-1 pr\u00e4sentiert die Richtlinie zur sozialen Verantwortung.<br>Die SMRS-Richtlinie wird vom General Manager unterzeichnet, der die Verantwortung f\u00fcr die Erreichung aller Ziele \u00fcbernimmt. Sie wird allen Mitarbeitern mitgeteilt, ver\u00f6ffentlicht und regelm\u00e4\u00dfig auf ihre Angemessenheit \u00fcberpr\u00fcft.<\/p>\t\t\t\t\t\t\t\t<\/div>\n\t\t\t\t<\/div>\n\t\t\t\t\t<\/div>\n\t\t<\/div>\n\t\t\t\t<div class=\"elementor-column elementor-col-50 elementor-top-column elementor-element elementor-element-496d063\" data-id=\"496d063\" data-element_type=\"column\" data-e-type=\"column\" data-settings=\"{&quot;background_background&quot;:&quot;classic&quot;}\">\n\t\t\t<div class=\"elementor-widget-wrap elementor-element-populated\">\n\t\t\t\t\t<div class=\"elementor-background-overlay\"><\/div>\n\t\t\t\t\t\t<div class=\"elementor-element elementor-element-976cdd3 elementor-widget elementor-widget-image\" data-id=\"976cdd3\" data-element_type=\"widget\" data-e-type=\"widget\" data-widget_type=\"image.default\">\n\t\t\t\t<div class=\"elementor-widget-container\">\n\t\t\t\t\t\t\t\t\t\t\t\t\t\t\t<img decoding=\"async\" width=\"810\" height=\"810\" src=\"https:\/\/www.generalconstruct.ro\/wp-content\/uploads\/2021\/09\/management_2.jpg\" class=\"attachment-full size-full wp-image-4294\" alt=\"\" srcset=\"https:\/\/www.generalconstruct.ro\/wp-content\/uploads\/2021\/09\/management_2.jpg 810w, https:\/\/www.generalconstruct.ro\/wp-content\/uploads\/2021\/09\/management_2-300x300.jpg 300w, https:\/\/www.generalconstruct.ro\/wp-content\/uploads\/2021\/09\/management_2-150x150.jpg 150w, https:\/\/www.generalconstruct.ro\/wp-content\/uploads\/2021\/09\/management_2-768x768.jpg 768w\" sizes=\"(max-width: 810px) 100vw, 810px\" \/>\t\t\t\t\t\t\t\t\t\t\t\t\t\t\t<\/div>\n\t\t\t\t<\/div>\n\t\t\t\t\t<\/div>\n\t\t<\/div>\n\t\t\t\t\t<\/div>\n\t\t<\/section>\n\t\t\t\t<\/div>\n\t\t","protected":false},"excerpt":{"rendered":"<p>INTEGRIERTES MANAGEMENT Qualit\u00e4tsmanagement Qualit\u00e4t \u2013 Umwelt \u2013 SSO QUALIT\u00c4T INTEGRIERTES SYSTEM Qualit\u00e4tsmanagement Unser Unternehmen hat ein integriertes Qualit\u00e4ts-Umwelt-Managementsystem implementiert, das alle Prozesse, Produkte und Dienstleistungen gem\u00e4\u00df den Anforderungen der Qualit\u00e4tsmanagementnormen (SR EN ISO 9001: 2015), der Umwelt (SR EN ISO 14001: 2015), Arbeitssicherheit und Gesundheitsschutz (SR OHSAS 18001: 2008) abdeckt. Die Unternehmensleitung ist bestrebt, durch &hellip;<\/p>\n<p class=\"read-more\"> <a class=\"\" href=\"https:\/\/www.generalconstruct.ro\/de\/qualitaetsmanagement\/\"> <span class=\"screen-reader-text\">Qualit\u00e4tsmanagement<\/span> Weiterlesen &raquo;<\/a><\/p>\n","protected":false},"author":1,"featured_media":0,"parent":0,"menu_order":0,"comment_status":"closed","ping_status":"closed","template":"","meta":{"site-sidebar-layout":"no-sidebar","site-content-layout":"page-builder","ast-main-header-display":"","ast-hfb-above-header-display":"","ast-hfb-below-header-display":"","ast-hfb-mobile-header-display":"","site-post-title":"disabled","ast-breadcrumbs-content":"","ast-featured-img":"disabled","footer-sml-layout":"","theme-transparent-header-meta":"default","adv-header-id-meta":"","stick-header-meta":"","header-above-stick-meta":"","header-main-stick-meta":"","header-below-stick-meta":"","footnotes":""},"class_list":["post-5494","page","type-page","status-publish","hentry"],"_links":{"self":[{"href":"https:\/\/www.generalconstruct.ro\/de\/wp-json\/wp\/v2\/pages\/5494","targetHints":{"allow":["GET"]}}],"collection":[{"href":"https:\/\/www.generalconstruct.ro\/de\/wp-json\/wp\/v2\/pages"}],"about":[{"href":"https:\/\/www.generalconstruct.ro\/de\/wp-json\/wp\/v2\/types\/page"}],"author":[{"embeddable":true,"href":"https:\/\/www.generalconstruct.ro\/de\/wp-json\/wp\/v2\/users\/1"}],"replies":[{"embeddable":true,"href":"https:\/\/www.generalconstruct.ro\/de\/wp-json\/wp\/v2\/comments?post=5494"}],"version-history":[{"count":1,"href":"https:\/\/www.generalconstruct.ro\/de\/wp-json\/wp\/v2\/pages\/5494\/revisions"}],"predecessor-version":[{"id":5495,"href":"https:\/\/www.generalconstruct.ro\/de\/wp-json\/wp\/v2\/pages\/5494\/revisions\/5495"}],"wp:attachment":[{"href":"https:\/\/www.generalconstruct.ro\/de\/wp-json\/wp\/v2\/media?parent=5494"}],"curies":[{"name":"wp","href":"https:\/\/api.w.org\/{rel}","templated":true}]}}