{"id":5481,"date":"2021-09-15T15:44:31","date_gmt":"2021-09-15T12:44:31","guid":{"rendered":"https:\/\/www.generalconstruct.ro\/die-niederlassung-in-deutschland\/"},"modified":"2022-05-25T15:38:11","modified_gmt":"2022-05-25T12:38:11","slug":"die-niederlassung-in-deutschland","status":"publish","type":"page","link":"https:\/\/www.generalconstruct.ro\/de\/die-niederlassung-in-deutschland\/","title":{"rendered":"Die Niederlassung in Deutschland"},"content":{"rendered":"\t\t<div data-elementor-type=\"wp-page\" data-elementor-id=\"5481\" class=\"elementor elementor-5481 elementor-1735\">\n\t\t\t\t\t\t<section class=\"elementor-section elementor-top-section elementor-element elementor-element-30134075 elementor-section-boxed elementor-section-height-default elementor-section-height-default\" data-id=\"30134075\" data-element_type=\"section\" data-e-type=\"section\" data-settings=\"{&quot;background_background&quot;:&quot;classic&quot;}\">\n\t\t\t\t\t\t\t<div class=\"elementor-background-overlay\"><\/div>\n\t\t\t\t\t\t\t<div class=\"elementor-container elementor-column-gap-no\">\n\t\t\t\t\t<div class=\"elementor-column elementor-col-100 elementor-top-column elementor-element elementor-element-25506622\" data-id=\"25506622\" data-element_type=\"column\" data-e-type=\"column\">\n\t\t\t<div class=\"elementor-widget-wrap elementor-element-populated\">\n\t\t\t\t\t\t<div class=\"elementor-element elementor-element-375ead12 animated-fast elementor-invisible elementor-widget elementor-widget-heading\" data-id=\"375ead12\" data-element_type=\"widget\" data-e-type=\"widget\" data-settings=\"{&quot;_animation&quot;:&quot;slideInLeft&quot;,&quot;_animation_delay&quot;:300}\" data-widget_type=\"heading.default\">\n\t\t\t\t<div class=\"elementor-widget-container\">\n\t\t\t\t\t<h6 class=\"elementor-heading-title elementor-size-default\">SEIT 2000 GEHEN WIR \u00dcBER DIE GRENZEN<\/h6>\t\t\t\t<\/div>\n\t\t\t\t<\/div>\n\t\t\t\t<div class=\"elementor-element elementor-element-4d3bcad6 animated-fast elementor-invisible elementor-widget elementor-widget-heading\" data-id=\"4d3bcad6\" data-element_type=\"widget\" data-e-type=\"widget\" data-settings=\"{&quot;_animation&quot;:&quot;slideInLeft&quot;}\" data-widget_type=\"heading.default\">\n\t\t\t\t<div class=\"elementor-widget-container\">\n\t\t\t\t\t<h1 class=\"elementor-heading-title elementor-size-default\">Die Niederlassung in Deutschland<\/h1>\t\t\t\t<\/div>\n\t\t\t\t<\/div>\n\t\t\t\t<div class=\"elementor-element elementor-element-2cc0ef12 elementor-invisible elementor-widget elementor-widget-heading\" data-id=\"2cc0ef12\" data-element_type=\"widget\" data-e-type=\"widget\" data-settings=\"{&quot;_animation&quot;:&quot;slideInLeft&quot;,&quot;_animation_delay&quot;:300}\" data-widget_type=\"heading.default\">\n\t\t\t\t<div class=\"elementor-widget-container\">\n\t\t\t\t\t<h3 class=\"elementor-heading-title elementor-size-default\">Internationale Expansion<\/h3>\t\t\t\t<\/div>\n\t\t\t\t<\/div>\n\t\t\t\t<div class=\"elementor-element elementor-element-416d74df elementor-widget-divider--view-line elementor-widget elementor-widget-divider\" data-id=\"416d74df\" data-element_type=\"widget\" data-e-type=\"widget\" data-widget_type=\"divider.default\">\n\t\t\t\t<div class=\"elementor-widget-container\">\n\t\t\t\t\t\t\t<div class=\"elementor-divider\">\n\t\t\t<span class=\"elementor-divider-separator\">\n\t\t\t\t\t\t<\/span>\n\t\t<\/div>\n\t\t\t\t\t\t<\/div>\n\t\t\t\t<\/div>\n\t\t\t\t\t<\/div>\n\t\t<\/div>\n\t\t\t\t\t<\/div>\n\t\t<\/section>\n\t\t\t\t<section class=\"elementor-section elementor-top-section elementor-element elementor-element-22e2f50b elementor-section-content-middle elementor-section-boxed elementor-section-height-default elementor-section-height-default\" data-id=\"22e2f50b\" data-element_type=\"section\" data-e-type=\"section\" data-settings=\"{&quot;background_background&quot;:&quot;classic&quot;}\">\n\t\t\t\t\t\t<div class=\"elementor-container elementor-column-gap-no\">\n\t\t\t\t\t<div class=\"elementor-column elementor-col-50 elementor-top-column elementor-element elementor-element-ecd0469\" data-id=\"ecd0469\" data-element_type=\"column\" data-e-type=\"column\">\n\t\t\t<div class=\"elementor-widget-wrap elementor-element-populated\">\n\t\t\t\t\t\t<div class=\"elementor-element elementor-element-b136f49 elementor-widget elementor-widget-heading\" data-id=\"b136f49\" data-element_type=\"widget\" data-e-type=\"widget\" data-widget_type=\"heading.default\">\n\t\t\t\t<div class=\"elementor-widget-container\">\n\t\t\t\t\t<span class=\"elementor-heading-title elementor-size-default\">Extern<\/span>\t\t\t\t<\/div>\n\t\t\t\t<\/div>\n\t\t\t\t<div class=\"elementor-element elementor-element-18911f5d elementor-widget__width-auto elementor-widget elementor-widget-heading\" data-id=\"18911f5d\" data-element_type=\"widget\" data-e-type=\"widget\" data-widget_type=\"heading.default\">\n\t\t\t\t<div class=\"elementor-widget-container\">\n\t\t\t\t\t<h6 class=\"elementor-heading-title elementor-size-default\">Ausbau<\/h6>\t\t\t\t<\/div>\n\t\t\t\t<\/div>\n\t\t\t\t<div class=\"elementor-element elementor-element-5ec365e2 elementor-widget elementor-widget-heading\" data-id=\"5ec365e2\" data-element_type=\"widget\" data-e-type=\"widget\" data-widget_type=\"heading.default\">\n\t\t\t\t<div class=\"elementor-widget-container\">\n\t\t\t\t\t<h2 class=\"elementor-heading-title elementor-size-default\">Die Niederlassung in Deutschland<\/h2>\t\t\t\t<\/div>\n\t\t\t\t<\/div>\n\t\t\t\t<div class=\"elementor-element elementor-element-241664e0 elementor-widget elementor-widget-text-editor\" data-id=\"241664e0\" data-element_type=\"widget\" data-e-type=\"widget\" data-widget_type=\"text-editor.default\">\n\t\t\t\t<div class=\"elementor-widget-container\">\n\t\t\t\t\t\t\t\t\t<p>Seit dem Jahr 2000 haben wir eine Betriebsst\u00e4tte in D\u00fcsseldorf, mit der wir zivile und industrielle Bauarbeiten als Nachunternehmen durchf\u00fchren. Es ist uns gelungen, uns im deutschen Zivilbaumarkt zu etablieren und f\u00fcr die Unternehmen, mit denen wir seit vielen Jahren zusammenarbeiten, ein solider Partner zu werden.<\/p><p>Ab 2018 begann die Niederlassung auch mit der Durchf\u00fchrung von &#8222;schl\u00fcsselfertigen&#8220; Arbeiten und trat erfolgreich in den deutschen Immobilienmarkt ein.<\/p>\t\t\t\t\t\t\t\t<\/div>\n\t\t\t\t<\/div>\n\t\t\t\t\t<\/div>\n\t\t<\/div>\n\t\t\t\t<div class=\"elementor-column elementor-col-50 elementor-top-column elementor-element elementor-element-2df689b0\" data-id=\"2df689b0\" data-element_type=\"column\" data-e-type=\"column\" data-settings=\"{&quot;background_background&quot;:&quot;classic&quot;}\">\n\t\t\t<div class=\"elementor-widget-wrap elementor-element-populated\">\n\t\t\t\t\t<div class=\"elementor-background-overlay\"><\/div>\n\t\t\t\t\t\t<div class=\"elementor-element elementor-element-33af63cb elementor-widget elementor-widget-image\" data-id=\"33af63cb\" data-element_type=\"widget\" data-e-type=\"widget\" data-widget_type=\"image.default\">\n\t\t\t\t<div class=\"elementor-widget-container\">\n\t\t\t\t\t\t\t\t\t\t\t\t\t\t\t<img fetchpriority=\"high\" decoding=\"async\" width=\"810\" height=\"810\" src=\"https:\/\/www.generalconstruct.ro\/wp-content\/uploads\/2021\/09\/sucursala_1.jpg\" class=\"attachment-full size-full wp-image-4276\" alt=\"\" srcset=\"https:\/\/www.generalconstruct.ro\/wp-content\/uploads\/2021\/09\/sucursala_1.jpg 810w, https:\/\/www.generalconstruct.ro\/wp-content\/uploads\/2021\/09\/sucursala_1-300x300.jpg 300w, https:\/\/www.generalconstruct.ro\/wp-content\/uploads\/2021\/09\/sucursala_1-150x150.jpg 150w, https:\/\/www.generalconstruct.ro\/wp-content\/uploads\/2021\/09\/sucursala_1-768x768.jpg 768w\" sizes=\"(max-width: 810px) 100vw, 810px\" \/>\t\t\t\t\t\t\t\t\t\t\t\t\t\t\t<\/div>\n\t\t\t\t<\/div>\n\t\t\t\t<div class=\"elementor-element elementor-element-85ea82d elementor-widget elementor-widget-heading\" data-id=\"85ea82d\" data-element_type=\"widget\" data-e-type=\"widget\" data-widget_type=\"heading.default\">\n\t\t\t\t<div class=\"elementor-widget-container\">\n\t\t\t\t\t<h6 class=\"elementor-heading-title elementor-size-default\">B\u00fcrogeb\u00e4ude in Hilden<\/h6>\t\t\t\t<\/div>\n\t\t\t\t<\/div>\n\t\t\t\t\t<\/div>\n\t\t<\/div>\n\t\t\t\t\t<\/div>\n\t\t<\/section>\n\t\t\t\t<section class=\"elementor-section elementor-top-section elementor-element elementor-element-5aaafc25 elementor-section-boxed elementor-section-height-default elementor-section-height-default\" data-id=\"5aaafc25\" data-element_type=\"section\" data-e-type=\"section\" data-settings=\"{&quot;background_background&quot;:&quot;classic&quot;}\">\n\t\t\t\t\t\t\t<div class=\"elementor-background-overlay\"><\/div>\n\t\t\t\t\t\t\t<div class=\"elementor-container elementor-column-gap-no\">\n\t\t\t\t\t<div class=\"elementor-column elementor-col-100 elementor-top-column elementor-element elementor-element-6242450c\" data-id=\"6242450c\" data-element_type=\"column\" data-e-type=\"column\" data-settings=\"{&quot;background_background&quot;:&quot;classic&quot;}\">\n\t\t\t<div class=\"elementor-widget-wrap elementor-element-populated\">\n\t\t\t\t\t\t<div class=\"elementor-element elementor-element-c7e2e60 elementor-widget elementor-widget-text-editor\" data-id=\"c7e2e60\" data-element_type=\"widget\" data-e-type=\"widget\" data-widget_type=\"text-editor.default\">\n\t\t\t\t<div class=\"elementor-widget-container\">\n\t\t\t\t\t\t\t\t\t<p>Im Sommer 2020 hat General Construct ein eigenes B\u00fcrogeb\u00e4ude in Hilden erworben und modernisiert. Zwischen Leverkusen, D\u00fcsseldorf, Ratingen, Wuppertal und Mettmann gelegen, ist die Stadt Hilden ein gut strukturiertes und wachsendes Wirtschafts- und Kulturzentrum.<br>Der erworbene Komplex erstreckt sich \u00fcber ein Grundst\u00fcck von \u00fcber 2500 m\u00b2 und ist aufgeteilt in: B\u00fcro- und Konferenzraum, Lager- und Abstellhalle, Gr\u00fcnfl\u00e4che sowie Parkpl\u00e4tze f\u00fcr Mitarbeiter und G\u00e4ste. Der neue Hauptsitz des Unternehmens ist modern, architektonisch klar und markant, mit modernster technischer Ausstattung.<br>Zum neuen Komplex geh\u00f6rt auch ein st\u00e4dtisches Grundst\u00fcck von \u00fcber 880 m\u00b2, auf dem das Unternehmen ab diesem Jahr den Bau eines \u00c4rztehauses mit Beratungs- und Behandlungsr\u00e4umen errichten will. Der Neubau mit einer Nutzfl\u00e4che von \u00fcber 840 m\u00b2 wird voll vermietet und besteht aus 4 Etagen, wobei das Erdgeschoss und die ersten 2 Etagen zur Klinik geh\u00f6ren werden und die 4. Etage eine luxuri\u00f6se Penthouse Wohnung sein wird.<\/p>\t\t\t\t\t\t\t\t<\/div>\n\t\t\t\t<\/div>\n\t\t\t\t<section class=\"elementor-section elementor-inner-section elementor-element elementor-element-7ff16bab elementor-section-boxed elementor-section-height-default elementor-section-height-default\" data-id=\"7ff16bab\" data-element_type=\"section\" data-e-type=\"section\">\n\t\t\t\t\t\t<div class=\"elementor-container elementor-column-gap-no\">\n\t\t\t\t\t<div class=\"elementor-column elementor-col-33 elementor-inner-column elementor-element elementor-element-4be1f2f\" data-id=\"4be1f2f\" data-element_type=\"column\" data-e-type=\"column\" data-settings=\"{&quot;background_background&quot;:&quot;classic&quot;}\">\n\t\t\t<div class=\"elementor-widget-wrap elementor-element-populated\">\n\t\t\t\t\t<div class=\"elementor-background-overlay\"><\/div>\n\t\t\t\t\t\t<div class=\"elementor-element elementor-element-13de68d3 elementor-widget elementor-widget-image\" data-id=\"13de68d3\" data-element_type=\"widget\" data-e-type=\"widget\" data-widget_type=\"image.default\">\n\t\t\t\t<div class=\"elementor-widget-container\">\n\t\t\t\t\t\t\t\t\t\t\t\t\t\t\t\t<a href=\"https:\/\/www.generalconstruct.ro\/wp-content\/uploads\/2021\/09\/sucursala_2.jpg\" data-elementor-open-lightbox=\"yes\" data-elementor-lightbox-title=\"sucursala_2\" data-e-action-hash=\"#elementor-action%3Aaction%3Dlightbox%26settings%3DeyJpZCI6NDI3OCwidXJsIjoiaHR0cHM6XC9cL3d3dy5nZW5lcmFsY29uc3RydWN0LnJvXC93cC1jb250ZW50XC91cGxvYWRzXC8yMDIxXC8wOVwvc3VjdXJzYWxhXzIuanBnIn0%3D\">\n\t\t\t\t\t\t\t<img decoding=\"async\" width=\"1920\" height=\"1272\" src=\"https:\/\/www.generalconstruct.ro\/wp-content\/uploads\/2021\/09\/sucursala_2.jpg\" class=\"attachment-full size-full wp-image-4278\" alt=\"\" srcset=\"https:\/\/www.generalconstruct.ro\/wp-content\/uploads\/2021\/09\/sucursala_2.jpg 1920w, https:\/\/www.generalconstruct.ro\/wp-content\/uploads\/2021\/09\/sucursala_2-300x199.jpg 300w, https:\/\/www.generalconstruct.ro\/wp-content\/uploads\/2021\/09\/sucursala_2-1024x678.jpg 1024w, https:\/\/www.generalconstruct.ro\/wp-content\/uploads\/2021\/09\/sucursala_2-768x509.jpg 768w, https:\/\/www.generalconstruct.ro\/wp-content\/uploads\/2021\/09\/sucursala_2-1536x1018.jpg 1536w\" sizes=\"(max-width: 1920px) 100vw, 1920px\" \/>\t\t\t\t\t\t\t\t<\/a>\n\t\t\t\t\t\t\t\t\t\t\t\t\t\t\t<\/div>\n\t\t\t\t<\/div>\n\t\t\t\t\t<\/div>\n\t\t<\/div>\n\t\t\t\t<div class=\"elementor-column elementor-col-33 elementor-inner-column elementor-element elementor-element-6e282255\" data-id=\"6e282255\" data-element_type=\"column\" data-e-type=\"column\" data-settings=\"{&quot;background_background&quot;:&quot;classic&quot;}\">\n\t\t\t<div class=\"elementor-widget-wrap elementor-element-populated\">\n\t\t\t\t\t<div class=\"elementor-background-overlay\"><\/div>\n\t\t\t\t\t\t<div class=\"elementor-element elementor-element-58275cfd elementor-widget elementor-widget-image\" data-id=\"58275cfd\" data-element_type=\"widget\" data-e-type=\"widget\" data-widget_type=\"image.default\">\n\t\t\t\t<div class=\"elementor-widget-container\">\n\t\t\t\t\t\t\t\t\t\t\t\t\t\t\t\t<a href=\"https:\/\/www.generalconstruct.ro\/wp-content\/uploads\/2021\/09\/sucursala_3.jpg\" data-elementor-open-lightbox=\"yes\" data-elementor-lightbox-title=\"sucursala_3\" data-e-action-hash=\"#elementor-action%3Aaction%3Dlightbox%26settings%3DeyJpZCI6NDI3OSwidXJsIjoiaHR0cHM6XC9cL3d3dy5nZW5lcmFsY29uc3RydWN0LnJvXC93cC1jb250ZW50XC91cGxvYWRzXC8yMDIxXC8wOVwvc3VjdXJzYWxhXzMuanBnIn0%3D\">\n\t\t\t\t\t\t\t<img decoding=\"async\" width=\"1920\" height=\"1272\" src=\"https:\/\/www.generalconstruct.ro\/wp-content\/uploads\/2021\/09\/sucursala_3.jpg\" class=\"attachment-full size-full wp-image-4279\" alt=\"\" srcset=\"https:\/\/www.generalconstruct.ro\/wp-content\/uploads\/2021\/09\/sucursala_3.jpg 1920w, https:\/\/www.generalconstruct.ro\/wp-content\/uploads\/2021\/09\/sucursala_3-300x199.jpg 300w, https:\/\/www.generalconstruct.ro\/wp-content\/uploads\/2021\/09\/sucursala_3-1024x678.jpg 1024w, https:\/\/www.generalconstruct.ro\/wp-content\/uploads\/2021\/09\/sucursala_3-768x509.jpg 768w, https:\/\/www.generalconstruct.ro\/wp-content\/uploads\/2021\/09\/sucursala_3-1536x1018.jpg 1536w\" sizes=\"(max-width: 1920px) 100vw, 1920px\" \/>\t\t\t\t\t\t\t\t<\/a>\n\t\t\t\t\t\t\t\t\t\t\t\t\t\t\t<\/div>\n\t\t\t\t<\/div>\n\t\t\t\t\t<\/div>\n\t\t<\/div>\n\t\t\t\t<div class=\"elementor-column elementor-col-33 elementor-inner-column elementor-element elementor-element-56ce7e61\" data-id=\"56ce7e61\" data-element_type=\"column\" data-e-type=\"column\" data-settings=\"{&quot;background_background&quot;:&quot;classic&quot;}\">\n\t\t\t<div class=\"elementor-widget-wrap elementor-element-populated\">\n\t\t\t\t\t<div class=\"elementor-background-overlay\"><\/div>\n\t\t\t\t\t\t<div class=\"elementor-element elementor-element-654d123a elementor-widget elementor-widget-image\" data-id=\"654d123a\" data-element_type=\"widget\" data-e-type=\"widget\" data-widget_type=\"image.default\">\n\t\t\t\t<div class=\"elementor-widget-container\">\n\t\t\t\t\t\t\t\t\t\t\t\t\t\t\t\t<a href=\"https:\/\/www.generalconstruct.ro\/wp-content\/uploads\/2021\/09\/sucursala_4.jpg\" data-elementor-open-lightbox=\"yes\" data-elementor-lightbox-title=\"sucursala_4\" data-e-action-hash=\"#elementor-action%3Aaction%3Dlightbox%26settings%3DeyJpZCI6NDI4MCwidXJsIjoiaHR0cHM6XC9cL3d3dy5nZW5lcmFsY29uc3RydWN0LnJvXC93cC1jb250ZW50XC91cGxvYWRzXC8yMDIxXC8wOVwvc3VjdXJzYWxhXzQuanBnIn0%3D\">\n\t\t\t\t\t\t\t<img loading=\"lazy\" decoding=\"async\" width=\"1024\" height=\"678\" src=\"https:\/\/www.generalconstruct.ro\/wp-content\/uploads\/2021\/09\/sucursala_4-1024x678.jpg\" class=\"attachment-large size-large wp-image-4280\" alt=\"\" srcset=\"https:\/\/www.generalconstruct.ro\/wp-content\/uploads\/2021\/09\/sucursala_4-1024x678.jpg 1024w, https:\/\/www.generalconstruct.ro\/wp-content\/uploads\/2021\/09\/sucursala_4-300x199.jpg 300w, https:\/\/www.generalconstruct.ro\/wp-content\/uploads\/2021\/09\/sucursala_4-768x509.jpg 768w, https:\/\/www.generalconstruct.ro\/wp-content\/uploads\/2021\/09\/sucursala_4-1536x1018.jpg 1536w, https:\/\/www.generalconstruct.ro\/wp-content\/uploads\/2021\/09\/sucursala_4.jpg 1920w\" sizes=\"(max-width: 1024px) 100vw, 1024px\" \/>\t\t\t\t\t\t\t\t<\/a>\n\t\t\t\t\t\t\t\t\t\t\t\t\t\t\t<\/div>\n\t\t\t\t<\/div>\n\t\t\t\t\t<\/div>\n\t\t<\/div>\n\t\t\t\t\t<\/div>\n\t\t<\/section>\n\t\t\t\t\t<\/div>\n\t\t<\/div>\n\t\t\t\t\t<\/div>\n\t\t<\/section>\n\t\t\t\t<section class=\"elementor-section elementor-top-section elementor-element elementor-element-715eddb elementor-section-content-middle elementor-section-boxed elementor-section-height-default elementor-section-height-default\" data-id=\"715eddb\" data-element_type=\"section\" data-e-type=\"section\" data-settings=\"{&quot;background_background&quot;:&quot;classic&quot;}\">\n\t\t\t\t\t\t<div class=\"elementor-container elementor-column-gap-no\">\n\t\t\t\t\t<div class=\"elementor-column elementor-col-50 elementor-top-column elementor-element elementor-element-a13b82d\" data-id=\"a13b82d\" data-element_type=\"column\" data-e-type=\"column\">\n\t\t\t<div class=\"elementor-widget-wrap elementor-element-populated\">\n\t\t\t\t\t\t<div class=\"elementor-element elementor-element-75e1514 elementor-widget elementor-widget-heading\" data-id=\"75e1514\" data-element_type=\"widget\" data-e-type=\"widget\" data-widget_type=\"heading.default\">\n\t\t\t\t<div class=\"elementor-widget-container\">\n\t\t\t\t\t<span class=\"elementor-heading-title elementor-size-default\">KONTAKT<\/span>\t\t\t\t<\/div>\n\t\t\t\t<\/div>\n\t\t\t\t<div class=\"elementor-element elementor-element-d1dfd40 elementor-widget__width-auto elementor-widget elementor-widget-heading\" data-id=\"d1dfd40\" data-element_type=\"widget\" data-e-type=\"widget\" data-widget_type=\"heading.default\">\n\t\t\t\t<div class=\"elementor-widget-container\">\n\t\t\t\t\t<h6 class=\"elementor-heading-title elementor-size-default\">kontaktiere uns<\/h6>\t\t\t\t<\/div>\n\t\t\t\t<\/div>\n\t\t\t\t<div class=\"elementor-element elementor-element-fc557cb elementor-widget elementor-widget-heading\" data-id=\"fc557cb\" data-element_type=\"widget\" data-e-type=\"widget\" data-widget_type=\"heading.default\">\n\t\t\t\t<div class=\"elementor-widget-container\">\n\t\t\t\t\t<h2 class=\"elementor-heading-title elementor-size-default\">Kontaktdaten der Filiale<\/h2>\t\t\t\t<\/div>\n\t\t\t\t<\/div>\n\t\t\t\t<div class=\"elementor-element elementor-element-bb81f0c elementor-icon-list--layout-traditional elementor-list-item-link-full_width elementor-widget elementor-widget-icon-list\" data-id=\"bb81f0c\" data-element_type=\"widget\" data-e-type=\"widget\" data-widget_type=\"icon-list.default\">\n\t\t\t\t<div class=\"elementor-widget-container\">\n\t\t\t\t\t\t\t<ul class=\"elementor-icon-list-items\">\n\t\t\t\t\t\t\t<li class=\"elementor-icon-list-item\">\n\t\t\t\t\t\t\t\t\t\t\t<span class=\"elementor-icon-list-icon\">\n\t\t\t\t\t\t\t<i aria-hidden=\"true\" class=\"fas fa-map-marker-alt\"><\/i>\t\t\t\t\t\t<\/span>\n\t\t\t\t\t\t\t\t\t\t<span class=\"elementor-icon-list-text\">Adresse: Oststra\u00dfe 74, 40724 Hilden<\/span>\n\t\t\t\t\t\t\t\t\t<\/li>\n\t\t\t\t\t\t\t\t<li class=\"elementor-icon-list-item\">\n\t\t\t\t\t\t\t\t\t\t\t<span class=\"elementor-icon-list-icon\">\n\t\t\t\t\t\t\t<i aria-hidden=\"true\" class=\"fas fa-phone-square\"><\/i>\t\t\t\t\t\t<\/span>\n\t\t\t\t\t\t\t\t\t\t<span class=\"elementor-icon-list-text\">Telefonnummer: +49 2111799950<\/span>\n\t\t\t\t\t\t\t\t\t<\/li>\n\t\t\t\t\t\t\t\t<li class=\"elementor-icon-list-item\">\n\t\t\t\t\t\t\t\t\t\t\t<span class=\"elementor-icon-list-icon\">\n\t\t\t\t\t\t\t<i aria-hidden=\"true\" class=\"fas fa-fax\"><\/i>\t\t\t\t\t\t<\/span>\n\t\t\t\t\t\t\t\t\t\t<span class=\"elementor-icon-list-text\">Faxnummer: +49 2117406123<\/span>\n\t\t\t\t\t\t\t\t\t<\/li>\n\t\t\t\t\t\t\t\t<li class=\"elementor-icon-list-item\">\n\t\t\t\t\t\t\t\t\t\t\t<span class=\"elementor-icon-list-icon\">\n\t\t\t\t\t\t\t<i aria-hidden=\"true\" class=\"fas fa-envelope\"><\/i>\t\t\t\t\t\t<\/span>\n\t\t\t\t\t\t\t\t\t\t<span class=\"elementor-icon-list-text\">E-Mail: info@gecod.de<\/span>\n\t\t\t\t\t\t\t\t\t<\/li>\n\t\t\t\t\t\t<\/ul>\n\t\t\t\t\t\t<\/div>\n\t\t\t\t<\/div>\n\t\t\t\t\t<\/div>\n\t\t<\/div>\n\t\t\t\t<div class=\"elementor-column elementor-col-50 elementor-top-column elementor-element elementor-element-1e57365\" data-id=\"1e57365\" data-element_type=\"column\" data-e-type=\"column\" data-settings=\"{&quot;background_background&quot;:&quot;classic&quot;}\">\n\t\t\t<div class=\"elementor-widget-wrap elementor-element-populated\">\n\t\t\t\t\t<div class=\"elementor-background-overlay\"><\/div>\n\t\t\t\t\t\t<div class=\"elementor-element elementor-element-75d5ab4 elementor-widget elementor-widget-image\" data-id=\"75d5ab4\" data-element_type=\"widget\" data-e-type=\"widget\" data-widget_type=\"image.default\">\n\t\t\t\t<div class=\"elementor-widget-container\">\n\t\t\t\t\t\t\t\t\t\t\t\t\t\t\t<img loading=\"lazy\" decoding=\"async\" width=\"810\" height=\"810\" src=\"https:\/\/www.generalconstruct.ro\/wp-content\/uploads\/2021\/09\/sucursala_5.jpg\" class=\"attachment-full size-full wp-image-4281\" alt=\"\" srcset=\"https:\/\/www.generalconstruct.ro\/wp-content\/uploads\/2021\/09\/sucursala_5.jpg 810w, https:\/\/www.generalconstruct.ro\/wp-content\/uploads\/2021\/09\/sucursala_5-300x300.jpg 300w, https:\/\/www.generalconstruct.ro\/wp-content\/uploads\/2021\/09\/sucursala_5-150x150.jpg 150w, https:\/\/www.generalconstruct.ro\/wp-content\/uploads\/2021\/09\/sucursala_5-768x768.jpg 768w\" sizes=\"(max-width: 810px) 100vw, 810px\" \/>\t\t\t\t\t\t\t\t\t\t\t\t\t\t\t<\/div>\n\t\t\t\t<\/div>\n\t\t\t\t\t<\/div>\n\t\t<\/div>\n\t\t\t\t\t<\/div>\n\t\t<\/section>\n\t\t\t\t<\/div>\n\t\t","protected":false},"excerpt":{"rendered":"<p>SEIT 2000 GEHEN WIR \u00dcBER DIE GRENZEN Die Niederlassung in Deutschland Internationale Expansion Extern Ausbau Die Niederlassung in Deutschland Seit dem Jahr 2000 haben wir eine Betriebsst\u00e4tte in D\u00fcsseldorf, mit der wir zivile und industrielle Bauarbeiten als Nachunternehmen durchf\u00fchren. Es ist uns gelungen, uns im deutschen Zivilbaumarkt zu etablieren und f\u00fcr die Unternehmen, mit denen &hellip;<\/p>\n<p class=\"read-more\"> <a class=\"\" href=\"https:\/\/www.generalconstruct.ro\/de\/die-niederlassung-in-deutschland\/\"> <span class=\"screen-reader-text\">Die Niederlassung in Deutschland<\/span> Weiterlesen &raquo;<\/a><\/p>\n","protected":false},"author":1,"featured_media":0,"parent":0,"menu_order":0,"comment_status":"closed","ping_status":"closed","template":"","meta":{"site-sidebar-layout":"no-sidebar","site-content-layout":"page-builder","ast-main-header-display":"","ast-hfb-above-header-display":"","ast-hfb-below-header-display":"","ast-hfb-mobile-header-display":"","site-post-title":"disabled","ast-breadcrumbs-content":"","ast-featured-img":"disabled","footer-sml-layout":"","theme-transparent-header-meta":"default","adv-header-id-meta":"","stick-header-meta":"","header-above-stick-meta":"","header-main-stick-meta":"","header-below-stick-meta":"","footnotes":""},"class_list":["post-5481","page","type-page","status-publish","hentry"],"_links":{"self":[{"href":"https:\/\/www.generalconstruct.ro\/de\/wp-json\/wp\/v2\/pages\/5481","targetHints":{"allow":["GET"]}}],"collection":[{"href":"https:\/\/www.generalconstruct.ro\/de\/wp-json\/wp\/v2\/pages"}],"about":[{"href":"https:\/\/www.generalconstruct.ro\/de\/wp-json\/wp\/v2\/types\/page"}],"author":[{"embeddable":true,"href":"https:\/\/www.generalconstruct.ro\/de\/wp-json\/wp\/v2\/users\/1"}],"replies":[{"embeddable":true,"href":"https:\/\/www.generalconstruct.ro\/de\/wp-json\/wp\/v2\/comments?post=5481"}],"version-history":[{"count":1,"href":"https:\/\/www.generalconstruct.ro\/de\/wp-json\/wp\/v2\/pages\/5481\/revisions"}],"predecessor-version":[{"id":5482,"href":"https:\/\/www.generalconstruct.ro\/de\/wp-json\/wp\/v2\/pages\/5481\/revisions\/5482"}],"wp:attachment":[{"href":"https:\/\/www.generalconstruct.ro\/de\/wp-json\/wp\/v2\/media?parent=5481"}],"curies":[{"name":"wp","href":"https:\/\/api.w.org\/{rel}","templated":true}]}}